{"id":130,"date":"2018-05-27T15:34:24","date_gmt":"2018-05-27T15:34:24","guid":{"rendered":"http:\/\/farvedufte.dk\/?page_id=130"},"modified":"2018-05-27T15:34:24","modified_gmt":"2018-05-27T15:34:24","slug":"persondataforordningen-25-5-2018","status":"publish","type":"page","link":"https:\/\/farvedufte.dk\/?page_id=130","title":{"rendered":"Persondataforordningen 25.5.2018"},"content":{"rendered":"<p>Virksomhedsoplysninger:<br \/>\nDK-Kinesiolog, Enhedsterapeut Mette Pedersen<br \/>\nCVR nummer: 19879674<br \/>\nHjemsted: Rolandsvej 6, 2605 Br\u00f8ndby<br \/>\nRegnskabsperiode: 1.januar &#8211; 31. december<br \/>\nDaglig ledelse og dataansvarlig\/databehandler: Mette Pedersen<br \/>\nRevisor: elmebech aps ved Henning Bech Frederiksen, Wildersgade 51,1, 1408 K\u00f8benhavn K<br \/>\nWebsted : SURFTOWN<br \/>\nJeg behandler altid dine data i overenstemmelse med EU\u00b4s databeskyttelsesforordning (GDPR), markedsf\u00f8ringsloven samt de til enhver tid g\u00e6ldende love i Danmark.<br \/>\nHvis du er klient, behandler jeg dine data p\u00e5 denne m\u00e5de:<br \/>\nJeg opbevarer din journal i afl\u00e5st skab.<\/p>\n<p>Din journal indeholder dit navn og dit telefonnummer samt de helbredsoplysninger, som du har givet til mig i forbindelse med dit bes\u00f8g i klinikken.<\/p>\n<p>Jeg opbevarer din journal i 3 \u00e5r.<\/p>\n<p>Du kan til enhver tid bede om at f\u00e5 slettet de oplysninger, som jeg opbevarer om dig.<\/p>\n<p>Jeg anvender ikke cookies eller annoncer p\u00e5 min hjemmeside.<br \/>\nJeg har indg\u00e5et databehandler-aftale med Surftown, som er min udbyder.<\/p>\n<p>Da jeg ogs\u00e5 er medejer af Kinesiologi-Akademiet I\/S, som udbyder kurser og udsender nyhedsbreve, kan du se Kinesiologi-Akademiets persondatapolitik herunder:<\/p>\n<p>Hvis du melder dig til vores nyhedsbrev og giver os din mailadresse, s\u00e5<br \/>\n\u2022 modtager du vores nyhedsbreve, som handler om kinesiologi, enhedsterapi og diverse kurser og anden inspiration om energimedicin og komplement\u00e6r behandling.<br \/>\n\u2022 modtager du nyhedsbreve via Mail Chimp, som vi har indg\u00e5et databehandler-aftale med.<br \/>\n\u2022 kan du altid framelde dig igen ved at klikke p\u00e5 linket i bunden af nyhedsmailen.<br \/>\n\u2022 kan du v\u00e6re sikker p\u00e5, at vi deler ikke dine data med andre.<br \/>\nHvis du er kursist p\u00e5 et af vores kurser:<br \/>\n\u2022 Vi udf\u00e6rdiger en adresseliste, som vi sender til Danske Kinesiologers Sekretariat, for at din deltagelse kan blive registreret p\u00e5 dit medlemskort. Hvis du ikke er medlem af Danske Kinesiologer, vil dit navn blive slettet fra adresselisten.<br \/>\n\u2022 Ved din tilmelding til et kursus bliver du spurgt, om du vil st\u00e5 p\u00e5 en f\u00e6lles adresseliste, som sendes ud til hele holdet.<br \/>\n\u2022 En adresseliste indeholder navn, adresse, telefon og mail-adresse.<br \/>\n\u2022 Vi har brug for dit navn for at kunne udstede et diplom til dig.<br \/>\n\u2022 Eksterne undervisere vil f\u00e5 tilsendt dit navn for at kunne udstede et diplom til dig.<br \/>\n\u2022 Ingen oplysninger bliver videregivet til andre selskaber eller firmaer, men SKAT kan kr\u00e6ve at se dem i tilf\u00e6lde af revision.<br \/>\n\u2022 Vi gemmer dine data i 5 \u00e5r.<br \/>\nVi anvender ikke cookies eller annoncer p\u00e5 vores hjemmeside, men trafikken p\u00e5 vores hjemmeside bliver registreret af Google Analytics.<br \/>\nVi har indg\u00e5et databehandler-aftale med certa web, som er vores udbyder.<\/p>\n","protected":false},"excerpt":{"rendered":"<p>Virksomhedsoplysninger: DK-Kinesiolog, Enhedsterapeut Mette Pedersen CVR nummer: 19879674 Hjemsted: Rolandsvej 6, 2605 Br\u00f8ndby Regnskabsperiode: 1.januar &#8211; 31. december Daglig ledelse og dataansvarlig\/databehandler: Mette Pedersen Revisor: elmebech aps ved Henning Bech Frederiksen, Wildersgade 51,1, 1408 K\u00f8benhavn K Websted : SURFTOWN Jeg &hellip; <a href=\"https:\/\/farvedufte.dk\/?page_id=130\">L\u00e6s resten <span class=\"meta-nav\">&rarr;<\/span><\/a><\/p>\n","protected":false},"author":1,"featured_media":0,"parent":0,"menu_order":0,"comment_status":"closed","ping_status":"closed","template":"","meta":[],"_links":{"self":[{"href":"https:\/\/farvedufte.dk\/index.php?rest_route=\/wp\/v2\/pages\/130"}],"collection":[{"href":"https:\/\/farvedufte.dk\/index.php?rest_route=\/wp\/v2\/pages"}],"about":[{"href":"https:\/\/farvedufte.dk\/index.php?rest_route=\/wp\/v2\/types\/page"}],"author":[{"embeddable":true,"href":"https:\/\/farvedufte.dk\/index.php?rest_route=\/wp\/v2\/users\/1"}],"replies":[{"embeddable":true,"href":"https:\/\/farvedufte.dk\/index.php?rest_route=%2Fwp%2Fv2%2Fcomments&post=130"}],"version-history":[{"count":1,"href":"https:\/\/farvedufte.dk\/index.php?rest_route=\/wp\/v2\/pages\/130\/revisions"}],"predecessor-version":[{"id":131,"href":"https:\/\/farvedufte.dk\/index.php?rest_route=\/wp\/v2\/pages\/130\/revisions\/131"}],"wp:attachment":[{"href":"https:\/\/farvedufte.dk\/index.php?rest_route=%2Fwp%2Fv2%2Fmedia&parent=130"}],"curies":[{"name":"wp","href":"https:\/\/api.w.org\/{rel}","templated":true}]}}